{"id":341,"date":"2024-09-19T12:16:39","date_gmt":"2024-09-19T10:16:39","guid":{"rendered":"https:\/\/dev24.jd-steel.kampmann-creatives.de\/impressum\/"},"modified":"2025-05-14T10:33:01","modified_gmt":"2025-05-14T08:33:01","slug":"imprint","status":"publish","type":"page","link":"https:\/\/jd-steelconstruction.de\/en\/imprint\/","title":{"rendered":"Imprint"},"content":{"rendered":"","protected":false},"excerpt":{"rendered":"","protected":false},"author":1,"featured_media":0,"parent":0,"menu_order":0,"comment_status":"closed","ping_status":"closed","template":"page-templates\/page-full-width-impressum.php","meta":{"_acf_changed":false,"footnotes":""},"class_list":["post-341","page","type-page","status-publish","hentry"],"acf":[],"yoast_head":"<!-- This site is optimized with the Yoast SEO plugin v27.4 - https:\/\/yoast.com\/product\/yoast-seo-wordpress\/ -->\n<title>Imprint - Jade Dienst Steel<\/title>\n<meta name=\"description\" content=\"Innovative L\u00f6sungen und h\u00f6chste Qualit\u00e4t im maritimen Stahl- und Stahlwasserbau. Ihr Spezialist f\u00fcr ma\u00dfgeschneiderte Stahlbau-Dienstleistungen.\" \/>\n<meta name=\"robots\" content=\"noindex, nofollow\" \/>\n<meta property=\"og:locale\" content=\"en_US\" \/>\n<meta property=\"og:type\" content=\"article\" \/>\n<meta property=\"og:title\" content=\"Imprint - Jade Dienst Steel\" \/>\n<meta property=\"og:description\" content=\"Innovative L\u00f6sungen und h\u00f6chste Qualit\u00e4t im maritimen Stahl- und Stahlwasserbau. Ihr Spezialist f\u00fcr ma\u00dfgeschneiderte Stahlbau-Dienstleistungen.\" \/>\n<meta property=\"og:url\" content=\"https:\/\/jd-steelconstruction.de\/en\/imprint\/\" \/>\n<meta property=\"og:site_name\" content=\"Jade Dienst Steel\" \/>\n<meta property=\"article:modified_time\" content=\"2025-05-14T08:33:01+00:00\" \/>\n<meta property=\"og:image\" content=\"https:\/\/jd-steelconstruction.de\/wp-content\/uploads\/2025\/02\/jd_steel-home-header.jpg\" \/>\n\t<meta property=\"og:image:width\" content=\"2000\" \/>\n\t<meta property=\"og:image:height\" content=\"1337\" \/>\n\t<meta property=\"og:image:type\" content=\"image\/jpeg\" \/>\n<meta name=\"twitter:card\" content=\"summary_large_image\" \/>\n<meta name=\"twitter:label1\" content=\"Est. reading time\" \/>\n\t<meta name=\"twitter:data1\" content=\"3 minutes\" \/>\n<script type=\"application\/ld+json\" class=\"yoast-schema-graph\">{\"@context\":\"https:\\\/\\\/schema.org\",\"@graph\":[{\"@type\":\"WebPage\",\"@id\":\"https:\\\/\\\/jd-steelconstruction.de\\\/en\\\/imprint\\\/\",\"url\":\"https:\\\/\\\/jd-steelconstruction.de\\\/en\\\/imprint\\\/\",\"name\":\"Imprint - Jade Dienst Steel\",\"isPartOf\":{\"@id\":\"https:\\\/\\\/jd-steelconstruction.de\\\/en\\\/#website\"},\"datePublished\":\"2024-09-19T10:16:39+00:00\",\"dateModified\":\"2025-05-14T08:33:01+00:00\",\"description\":\"Innovative L\u00f6sungen und h\u00f6chste Qualit\u00e4t im maritimen Stahl- und Stahlwasserbau. Ihr Spezialist f\u00fcr ma\u00dfgeschneiderte Stahlbau-Dienstleistungen.\",\"breadcrumb\":{\"@id\":\"https:\\\/\\\/jd-steelconstruction.de\\\/en\\\/imprint\\\/#breadcrumb\"},\"inLanguage\":\"en-US\",\"potentialAction\":[{\"@type\":\"ReadAction\",\"target\":[\"https:\\\/\\\/jd-steelconstruction.de\\\/en\\\/imprint\\\/\"]}]},{\"@type\":\"BreadcrumbList\",\"@id\":\"https:\\\/\\\/jd-steelconstruction.de\\\/en\\\/imprint\\\/#breadcrumb\",\"itemListElement\":[{\"@type\":\"ListItem\",\"position\":1,\"name\":\"Home\",\"item\":\"https:\\\/\\\/jd-steelconstruction.de\\\/en\\\/\"},{\"@type\":\"ListItem\",\"position\":2,\"name\":\"Imprint\"}]},{\"@type\":\"WebSite\",\"@id\":\"https:\\\/\\\/jd-steelconstruction.de\\\/en\\\/#website\",\"url\":\"https:\\\/\\\/jd-steelconstruction.de\\\/en\\\/\",\"name\":\"JD Steel Construction\",\"description\":\"Ihr erfahrener Partner f\u00fcr maritime und innovative Stahlbau-L\u00f6sungen\",\"publisher\":{\"@id\":\"https:\\\/\\\/jd-steelconstruction.de\\\/en\\\/#organization\"},\"alternateName\":\"Jade Dienst - Stahlbau\",\"potentialAction\":[{\"@type\":\"SearchAction\",\"target\":{\"@type\":\"EntryPoint\",\"urlTemplate\":\"https:\\\/\\\/jd-steelconstruction.de\\\/en\\\/?s={search_term_string}\"},\"query-input\":{\"@type\":\"PropertyValueSpecification\",\"valueRequired\":true,\"valueName\":\"search_term_string\"}}],\"inLanguage\":\"en-US\"},{\"@type\":\"Organization\",\"@id\":\"https:\\\/\\\/jd-steelconstruction.de\\\/en\\\/#organization\",\"name\":\"JD Steel Construction\",\"alternateName\":\"Jade Dienst Stahlbau\",\"url\":\"https:\\\/\\\/jd-steelconstruction.de\\\/en\\\/\",\"logo\":{\"@type\":\"ImageObject\",\"inLanguage\":\"en-US\",\"@id\":\"https:\\\/\\\/jd-steelconstruction.de\\\/en\\\/#\\\/schema\\\/logo\\\/image\\\/\",\"url\":\"https:\\\/\\\/jd-steelconstruction.de\\\/wp-content\\\/uploads\\\/2024\\\/11\\\/jd-steel-logo.svg\",\"contentUrl\":\"https:\\\/\\\/jd-steelconstruction.de\\\/wp-content\\\/uploads\\\/2024\\\/11\\\/jd-steel-logo.svg\",\"caption\":\"JD Steel Construction\"},\"image\":{\"@id\":\"https:\\\/\\\/jd-steelconstruction.de\\\/en\\\/#\\\/schema\\\/logo\\\/image\\\/\"},\"sameAs\":[\"https:\\\/\\\/www.instagram.com\\\/jadedienstgmbh\\\/\",\"https:\\\/\\\/de.linkedin.com\\\/in\\\/thorsten-holzinger\"]}]}<\/script>\n<!-- \/ Yoast SEO plugin. -->","yoast_head_json":{"title":"Imprint - Jade Dienst Steel","description":"Innovative L\u00f6sungen und h\u00f6chste Qualit\u00e4t im maritimen Stahl- und Stahlwasserbau. Ihr Spezialist f\u00fcr ma\u00dfgeschneiderte Stahlbau-Dienstleistungen.","robots":{"index":"noindex","follow":"nofollow"},"og_locale":"en_US","og_type":"article","og_title":"Imprint - Jade Dienst Steel","og_description":"Innovative L\u00f6sungen und h\u00f6chste Qualit\u00e4t im maritimen Stahl- und Stahlwasserbau. Ihr Spezialist f\u00fcr ma\u00dfgeschneiderte Stahlbau-Dienstleistungen.","og_url":"https:\/\/jd-steelconstruction.de\/en\/imprint\/","og_site_name":"Jade Dienst Steel","article_modified_time":"2025-05-14T08:33:01+00:00","og_image":[{"width":2000,"height":1337,"url":"https:\/\/jd-steelconstruction.de\/wp-content\/uploads\/2025\/02\/jd_steel-home-header.jpg","type":"image\/jpeg"}],"twitter_card":"summary_large_image","twitter_misc":{"Est. reading time":"3 minutes"},"schema":{"@context":"https:\/\/schema.org","@graph":[{"@type":"WebPage","@id":"https:\/\/jd-steelconstruction.de\/en\/imprint\/","url":"https:\/\/jd-steelconstruction.de\/en\/imprint\/","name":"Imprint - Jade Dienst Steel","isPartOf":{"@id":"https:\/\/jd-steelconstruction.de\/en\/#website"},"datePublished":"2024-09-19T10:16:39+00:00","dateModified":"2025-05-14T08:33:01+00:00","description":"Innovative L\u00f6sungen und h\u00f6chste Qualit\u00e4t im maritimen Stahl- und Stahlwasserbau. Ihr Spezialist f\u00fcr ma\u00dfgeschneiderte Stahlbau-Dienstleistungen.","breadcrumb":{"@id":"https:\/\/jd-steelconstruction.de\/en\/imprint\/#breadcrumb"},"inLanguage":"en-US","potentialAction":[{"@type":"ReadAction","target":["https:\/\/jd-steelconstruction.de\/en\/imprint\/"]}]},{"@type":"BreadcrumbList","@id":"https:\/\/jd-steelconstruction.de\/en\/imprint\/#breadcrumb","itemListElement":[{"@type":"ListItem","position":1,"name":"Home","item":"https:\/\/jd-steelconstruction.de\/en\/"},{"@type":"ListItem","position":2,"name":"Imprint"}]},{"@type":"WebSite","@id":"https:\/\/jd-steelconstruction.de\/en\/#website","url":"https:\/\/jd-steelconstruction.de\/en\/","name":"JD Steel Construction","description":"Ihr erfahrener Partner f\u00fcr maritime und innovative Stahlbau-L\u00f6sungen","publisher":{"@id":"https:\/\/jd-steelconstruction.de\/en\/#organization"},"alternateName":"Jade Dienst - Stahlbau","potentialAction":[{"@type":"SearchAction","target":{"@type":"EntryPoint","urlTemplate":"https:\/\/jd-steelconstruction.de\/en\/?s={search_term_string}"},"query-input":{"@type":"PropertyValueSpecification","valueRequired":true,"valueName":"search_term_string"}}],"inLanguage":"en-US"},{"@type":"Organization","@id":"https:\/\/jd-steelconstruction.de\/en\/#organization","name":"JD Steel Construction","alternateName":"Jade Dienst Stahlbau","url":"https:\/\/jd-steelconstruction.de\/en\/","logo":{"@type":"ImageObject","inLanguage":"en-US","@id":"https:\/\/jd-steelconstruction.de\/en\/#\/schema\/logo\/image\/","url":"https:\/\/jd-steelconstruction.de\/wp-content\/uploads\/2024\/11\/jd-steel-logo.svg","contentUrl":"https:\/\/jd-steelconstruction.de\/wp-content\/uploads\/2024\/11\/jd-steel-logo.svg","caption":"JD Steel Construction"},"image":{"@id":"https:\/\/jd-steelconstruction.de\/en\/#\/schema\/logo\/image\/"},"sameAs":["https:\/\/www.instagram.com\/jadedienstgmbh\/","https:\/\/de.linkedin.com\/in\/thorsten-holzinger"]}]}},"_links":{"self":[{"href":"https:\/\/jd-steelconstruction.de\/en\/wp-json\/wp\/v2\/pages\/341","targetHints":{"allow":["GET"]}}],"collection":[{"href":"https:\/\/jd-steelconstruction.de\/en\/wp-json\/wp\/v2\/pages"}],"about":[{"href":"https:\/\/jd-steelconstruction.de\/en\/wp-json\/wp\/v2\/types\/page"}],"author":[{"embeddable":true,"href":"https:\/\/jd-steelconstruction.de\/en\/wp-json\/wp\/v2\/users\/1"}],"replies":[{"embeddable":true,"href":"https:\/\/jd-steelconstruction.de\/en\/wp-json\/wp\/v2\/comments?post=341"}],"version-history":[{"count":5,"href":"https:\/\/jd-steelconstruction.de\/en\/wp-json\/wp\/v2\/pages\/341\/revisions"}],"predecessor-version":[{"id":1119,"href":"https:\/\/jd-steelconstruction.de\/en\/wp-json\/wp\/v2\/pages\/341\/revisions\/1119"}],"wp:attachment":[{"href":"https:\/\/jd-steelconstruction.de\/en\/wp-json\/wp\/v2\/media?parent=341"}],"curies":[{"name":"wp","href":"https:\/\/api.w.org\/{rel}","templated":true}]}}